{"id":2,"date":"2020-03-27T15:32:00","date_gmt":"2020-03-27T15:32:00","guid":{"rendered":"https:\/\/themes.muffingroup.com\/be\/mining2\/?page_id=2"},"modified":"2022-02-08T21:33:23","modified_gmt":"2022-02-08T21:33:23","slug":"gestion-de-energia-cdmx","status":"publish","type":"page","link":"https:\/\/jaaningenieria.com\/","title":{"rendered":"Home"},"content":{"rendered":"","protected":false},"excerpt":{"rendered":"","protected":false},"author":1,"featured_media":0,"parent":0,"menu_order":0,"comment_status":"closed","ping_status":"closed","template":"","meta":{"footnotes":""},"class_list":["post-2","page","type-page","status-publish","hentry"],"yoast_head":"<!-- This site is optimized with the Yoast SEO plugin v26.7 - https:\/\/yoast.com\/wordpress\/plugins\/seo\/ -->\n<title>Gesti\u00f3n de Energ\u00eda CDMX - Proyectos El\u00e9ctrico en media y baja tensi\u00f3n<\/title>\n<meta name=\"description\" content=\"Gesti\u00f3n de Energ\u00eda CDMX Proyectos El\u00e9ctrico en media y baja tensi\u00f3n M\u00e1s de 3000 kw de energ\u00eda al a\u00f1o de\u00a0energ\u00eda\u00a0gestionada...\" \/>\n<meta name=\"robots\" content=\"index, follow, max-snippet:-1, max-image-preview:large, max-video-preview:-1\" \/>\n<link rel=\"canonical\" href=\"https:\/\/jaaningenieria.com\/\" \/>\n<meta property=\"og:locale\" content=\"es_MX\" \/>\n<meta property=\"og:type\" content=\"article\" \/>\n<meta property=\"og:title\" content=\"Gesti\u00f3n de Energ\u00eda CDMX - Proyectos El\u00e9ctrico en media y baja tensi\u00f3n\" \/>\n<meta property=\"og:description\" content=\"Gesti\u00f3n de Energ\u00eda CDMX Proyectos El\u00e9ctrico en media y baja tensi\u00f3n M\u00e1s de 3000 kw de energ\u00eda al a\u00f1o de\u00a0energ\u00eda\u00a0gestionada...\" \/>\n<meta property=\"og:url\" content=\"https:\/\/jaaningenieria.com\/\" \/>\n<meta property=\"og:site_name\" content=\"JANN\" \/>\n<meta property=\"article:modified_time\" content=\"2022-02-08T21:33:23+00:00\" \/>\n<meta name=\"twitter:card\" content=\"summary_large_image\" \/>\n<script type=\"application\/ld+json\" class=\"yoast-schema-graph\">{\"@context\":\"https:\/\/schema.org\",\"@graph\":[{\"@type\":\"WebPage\",\"@id\":\"https:\/\/jaaningenieria.com\/\",\"url\":\"https:\/\/jaaningenieria.com\/\",\"name\":\"Gesti\u00f3n de Energ\u00eda CDMX - Proyectos El\u00e9ctrico en media y baja tensi\u00f3n\",\"isPartOf\":{\"@id\":\"https:\/\/jaaningenieria.com\/#website\"},\"datePublished\":\"2020-03-27T15:32:00+00:00\",\"dateModified\":\"2022-02-08T21:33:23+00:00\",\"description\":\"Gesti\u00f3n de Energ\u00eda CDMX Proyectos El\u00e9ctrico en media y baja tensi\u00f3n M\u00e1s de 3000 kw de energ\u00eda al a\u00f1o de\u00a0energ\u00eda\u00a0gestionada...\",\"breadcrumb\":{\"@id\":\"https:\/\/jaaningenieria.com\/#breadcrumb\"},\"inLanguage\":\"es\",\"potentialAction\":[{\"@type\":\"ReadAction\",\"target\":[\"https:\/\/jaaningenieria.com\/\"]}]},{\"@type\":\"BreadcrumbList\",\"@id\":\"https:\/\/jaaningenieria.com\/#breadcrumb\",\"itemListElement\":[{\"@type\":\"ListItem\",\"position\":1,\"name\":\"Inicio\",\"item\":\"https:\/\/jaaningenieria.com\/\"},{\"@type\":\"ListItem\",\"position\":2,\"name\":\"Home\"}]},{\"@type\":\"WebSite\",\"@id\":\"https:\/\/jaaningenieria.com\/#website\",\"url\":\"https:\/\/jaaningenieria.com\/\",\"name\":\"JANN\",\"description\":\"Expertos en estructura, alta y baja tensi\u00f3n en electricidad \",\"potentialAction\":[{\"@type\":\"SearchAction\",\"target\":{\"@type\":\"EntryPoint\",\"urlTemplate\":\"https:\/\/jaaningenieria.com\/?s={search_term_string}\"},\"query-input\":{\"@type\":\"PropertyValueSpecification\",\"valueRequired\":true,\"valueName\":\"search_term_string\"}}],\"inLanguage\":\"es\"}]}<\/script>\n<!-- \/ Yoast SEO plugin. -->","yoast_head_json":{"title":"Gesti\u00f3n de Energ\u00eda CDMX - Proyectos El\u00e9ctrico en media y baja tensi\u00f3n","description":"Gesti\u00f3n de Energ\u00eda CDMX Proyectos El\u00e9ctrico en media y baja tensi\u00f3n M\u00e1s de 3000 kw de energ\u00eda al a\u00f1o de\u00a0energ\u00eda\u00a0gestionada...","robots":{"index":"index","follow":"follow","max-snippet":"max-snippet:-1","max-image-preview":"max-image-preview:large","max-video-preview":"max-video-preview:-1"},"canonical":"https:\/\/jaaningenieria.com\/","og_locale":"es_MX","og_type":"article","og_title":"Gesti\u00f3n de Energ\u00eda CDMX - Proyectos El\u00e9ctrico en media y baja tensi\u00f3n","og_description":"Gesti\u00f3n de Energ\u00eda CDMX Proyectos El\u00e9ctrico en media y baja tensi\u00f3n M\u00e1s de 3000 kw de energ\u00eda al a\u00f1o de\u00a0energ\u00eda\u00a0gestionada...","og_url":"https:\/\/jaaningenieria.com\/","og_site_name":"JANN","article_modified_time":"2022-02-08T21:33:23+00:00","twitter_card":"summary_large_image","schema":{"@context":"https:\/\/schema.org","@graph":[{"@type":"WebPage","@id":"https:\/\/jaaningenieria.com\/","url":"https:\/\/jaaningenieria.com\/","name":"Gesti\u00f3n de Energ\u00eda CDMX - Proyectos El\u00e9ctrico en media y baja tensi\u00f3n","isPartOf":{"@id":"https:\/\/jaaningenieria.com\/#website"},"datePublished":"2020-03-27T15:32:00+00:00","dateModified":"2022-02-08T21:33:23+00:00","description":"Gesti\u00f3n de Energ\u00eda CDMX Proyectos El\u00e9ctrico en media y baja tensi\u00f3n M\u00e1s de 3000 kw de energ\u00eda al a\u00f1o de\u00a0energ\u00eda\u00a0gestionada...","breadcrumb":{"@id":"https:\/\/jaaningenieria.com\/#breadcrumb"},"inLanguage":"es","potentialAction":[{"@type":"ReadAction","target":["https:\/\/jaaningenieria.com\/"]}]},{"@type":"BreadcrumbList","@id":"https:\/\/jaaningenieria.com\/#breadcrumb","itemListElement":[{"@type":"ListItem","position":1,"name":"Inicio","item":"https:\/\/jaaningenieria.com\/"},{"@type":"ListItem","position":2,"name":"Home"}]},{"@type":"WebSite","@id":"https:\/\/jaaningenieria.com\/#website","url":"https:\/\/jaaningenieria.com\/","name":"JANN","description":"Expertos en estructura, alta y baja tensi\u00f3n en electricidad ","potentialAction":[{"@type":"SearchAction","target":{"@type":"EntryPoint","urlTemplate":"https:\/\/jaaningenieria.com\/?s={search_term_string}"},"query-input":{"@type":"PropertyValueSpecification","valueRequired":true,"valueName":"search_term_string"}}],"inLanguage":"es"}]}},"_links":{"self":[{"href":"https:\/\/jaaningenieria.com\/index.php?rest_route=\/wp\/v2\/pages\/2","targetHints":{"allow":["GET"]}}],"collection":[{"href":"https:\/\/jaaningenieria.com\/index.php?rest_route=\/wp\/v2\/pages"}],"about":[{"href":"https:\/\/jaaningenieria.com\/index.php?rest_route=\/wp\/v2\/types\/page"}],"author":[{"embeddable":true,"href":"https:\/\/jaaningenieria.com\/index.php?rest_route=\/wp\/v2\/users\/1"}],"replies":[{"embeddable":true,"href":"https:\/\/jaaningenieria.com\/index.php?rest_route=%2Fwp%2Fv2%2Fcomments&post=2"}],"version-history":[{"count":1,"href":"https:\/\/jaaningenieria.com\/index.php?rest_route=\/wp\/v2\/pages\/2\/revisions"}],"predecessor-version":[{"id":71,"href":"https:\/\/jaaningenieria.com\/index.php?rest_route=\/wp\/v2\/pages\/2\/revisions\/71"}],"wp:attachment":[{"href":"https:\/\/jaaningenieria.com\/index.php?rest_route=%2Fwp%2Fv2%2Fmedia&parent=2"}],"curies":[{"name":"wp","href":"https:\/\/api.w.org\/{rel}","templated":true}]}}